{"id":5735,"date":"2019-04-10T10:36:40","date_gmt":"2019-04-10T10:36:40","guid":{"rendered":"http:\/\/www.cvl.es\/aviso-legal\/"},"modified":"2020-07-21T11:11:32","modified_gmt":"2020-07-21T11:11:32","slug":"avis-legal","status":"publish","type":"page","link":"https:\/\/www.cvl.es\/fr\/avis-legal\/","title":{"rendered":"Avis l\u00e9gal"},"content":{"rendered":"<p>Pour tous les formulaires sur lesquels des donn\u00e9es \u00e0 caract\u00e8re personnel sont demand\u00e9es, CV garantit le respect des dispositions d\u00e9crites dans la Loi de Protection des Donn\u00e9es selon d\u00e9tail ci-apr\u00e8s.<\/p>\n<h3><strong>Loi de Protection des Donn\u00e9es<\/strong><\/h3>\n<p>Conform\u00e9ment \u00e0 la Loi Organique 15\/1999, du 13 d\u00e9cembre portant sur la \u00a0protection\u00a0 des donn\u00e9es \u00e0 caract\u00e8re personnel (Journal Officiel de l\u2019Etat Espagnol du 14.12.1999) et au D\u00e9cret Royal 1720\/2007, du 21 d\u00e9cembre par lequel le R\u00e8glement d\u2019Application de ladite loi est approuv\u00e9 (Journal Officiel du 19.01.2008), nous vous informons que vos donn\u00e9es seront incorpor\u00e9es \u00e0 un fichier automatis\u00e9 au pr\u00e9alable communiqu\u00e9 \u00e0 l\u2019Agence de Protection des Donn\u00e9es.<\/p>\n<p>L\u2019utilisation des donn\u00e9es personnelles aura un caract\u00e8re confidentiel et celles-ci seront utilis\u00e9es exclusivement pour pouvoir apporter nos services, ainsi que pour envoyer l\u2019information de CVL. La personne int\u00e9ress\u00e9e, pour ce qui concerne ses donn\u00e9es personnelles figurant sur ce formulaire, autorise express\u00e9ment CVL \u00e0 les utiliser pour informer sur ses services et produits.<\/p>\n<p>En cas de refus de donner votre consentement, ou pour exercer votre droit d\u2019acc\u00e8s, de rectification ou d\u2019annulation, nous vous prions de nous envoyer un message \u00e0 <a href=\"mailto:cvl@cvl.es\">cvl@cvl.es<\/a>. Le fichier se trouve sur le syst\u00e8me informatique de CVL, Pol. Arbi Zelai Apdo. 6, 20550 Aretxabaleta (GIPUZKOA) Espagne. Le responsable du fichier est CVL.<\/p>\n","protected":false},"excerpt":{"rendered":"<p>Pour tous les formulaires sur lesquels des donn\u00e9es \u00e0 caract\u00e8re personnel sont demand\u00e9es, CV garantit le respect des dispositions d\u00e9crites dans la Loi de Protection des Donn\u00e9es selon d\u00e9tail ci-apr\u00e8s. Loi de Protection des Donn\u00e9es Conform\u00e9ment \u00e0 la Loi Organique 15\/1999, du 13 d\u00e9cembre portant sur la \u00a0protection\u00a0 des donn\u00e9es \u00e0 caract\u00e8re personnel (Journal Officiel [&hellip;]<\/p>\n","protected":false},"author":1,"featured_media":0,"parent":0,"menu_order":0,"comment_status":"closed","ping_status":"closed","template":"","meta":{"inline_featured_image":false,"footnotes":""},"class_list":["post-5735","page","type-page","status-publish","hentry"],"_links":{"self":[{"href":"https:\/\/www.cvl.es\/fr\/wp-json\/wp\/v2\/pages\/5735","targetHints":{"allow":["GET"]}}],"collection":[{"href":"https:\/\/www.cvl.es\/fr\/wp-json\/wp\/v2\/pages"}],"about":[{"href":"https:\/\/www.cvl.es\/fr\/wp-json\/wp\/v2\/types\/page"}],"author":[{"embeddable":true,"href":"https:\/\/www.cvl.es\/fr\/wp-json\/wp\/v2\/users\/1"}],"replies":[{"embeddable":true,"href":"https:\/\/www.cvl.es\/fr\/wp-json\/wp\/v2\/comments?post=5735"}],"version-history":[{"count":4,"href":"https:\/\/www.cvl.es\/fr\/wp-json\/wp\/v2\/pages\/5735\/revisions"}],"predecessor-version":[{"id":7254,"href":"https:\/\/www.cvl.es\/fr\/wp-json\/wp\/v2\/pages\/5735\/revisions\/7254"}],"wp:attachment":[{"href":"https:\/\/www.cvl.es\/fr\/wp-json\/wp\/v2\/media?parent=5735"}],"curies":[{"name":"wp","href":"https:\/\/api.w.org\/{rel}","templated":true}]}}